{"id":146,"date":"2021-11-30T21:12:29","date_gmt":"2021-12-01T00:12:29","guid":{"rendered":"http:\/\/pitagorica.pt\/?page_id=146"},"modified":"2022-08-26T10:55:48","modified_gmt":"2022-08-26T09:55:48","slug":"servicos","status":"publish","type":"page","link":"https:\/\/pitagorica.pt\/index.php\/servicos\/","title":{"rendered":"Servi\u00e7os"},"content":{"rendered":"[vc_row][vc_column width=&#8221;3\/4&#8243;][mk_fancy_title tag_name=&#8221;h1&#8243; color=&#8221;#d40812&#8243; size=&#8221;100&#8243; force_font_size=&#8221;true&#8221; size_smallscreen=&#8221;59&#8243; size_tablet=&#8221;37&#8243; size_phone=&#8221;45&#8243; line_height=&#8221;90&#8243; font_weight=&#8221;900&#8243; txt_transform=&#8221;uppercase&#8221; font_family=&#8221;Titillium+Web&#8221; font_type=&#8221;google&#8221; responsive_align=&#8221;left&#8221; animation=&#8221;scale-up&#8221;]<span class=\"titillium-title-1\" style=\"size: 7;\">NA<\/span><\/p>\n<p><span style=\"font-weight: 300; color: black;\">Pitag\u00f3rica <\/span><\/p>\n<p>ACREDITAMOS<\/p>\n<p>numa pesquisa<\/p>\n<p>inovadora[\/mk_fancy_title][\/vc_column][vc_column width=&#8221;1\/4&#8243;][vc_column_text animation=&#8221;scale-up&#8221; css=&#8221;.vc_custom_1661425586671{margin-bottom: 0px !important;}&#8221;]\n<p style=\"font-size: 20px; color: black; line-height: 25px;\">Somos dignos<br \/>\ndos nossos<br \/>\ndons quando os<br \/>\ntransformamos<br \/>\nem Arte.<\/p>\n[\/vc_column_text][\/vc_column][\/vc_row][vc_row fullwidth=&#8221;true&#8221; css=&#8221;.vc_custom_1639663190107{margin-bottom: -50px !important;background: #0a0a0a url(http:\/\/pitagorica.pt\/wp-content\/uploads\/2021\/12\/bg-sec-servico.png?id=526) !important;}&#8221;][vc_column width=&#8221;1\/4&#8243;][\/vc_column][vc_column width=&#8221;1\/4&#8243; css=&#8221;.vc_custom_1639663599733{background-color: #054783 !important;}&#8221;][vc_empty_space][mk_fancy_title color=&#8221;#ffffff&#8221; size=&#8221;42&#8243; font_weight=&#8221;900&#8243; txt_transform=&#8221;uppercase&#8221; font_family=&#8221;Titillium+Web&#8221; font_type=&#8221;google&#8221; animation=&#8221;fade-in&#8221;]CI\u00caNCIA EM MOVIMENTO[\/mk_fancy_title][vc_column_text animation=&#8221;fade-in&#8221; css=&#8221;.vc_custom_1657796928412{margin-bottom: 0px !important;padding-right: 5px !important;padding-left: 4px !important;}&#8221;]\n<p style=\"color: white; line-height: 25px;\">Acreditamos na pesquisa inovadora e em modelos cientificamente testados. Trabalhamos com investigadores acad\u00e9micos sempre que empresas, produtos ou consumidores nos desafiam a apresentar novas abordagens e perspetivas diferentes para lidar com novos problemas. Garantir aos nossos clientes conclus\u00f5es v\u00e1lidas e com aplica\u00e7\u00e3o nos seus mercados, \u00e9 o nosso objetivo. At\u00e9 agora temos tido sucesso.<\/p>\n[\/vc_column_text][vc_empty_space][vc_empty_space][\/vc_column][vc_column width=&#8221;1\/4&#8243;][\/vc_column][vc_column width=&#8221;1\/4&#8243;][\/vc_column][\/vc_row][vc_row fullwidth=&#8221;true&#8221; css=&#8221;.vc_custom_1639663364765{margin-bottom: -50px !important;background: #0a0a0a url(http:\/\/pitagorica.pt\/wp-content\/uploads\/2021\/12\/bg-sec-servico2.png?id=527) !important;}&#8221;][vc_column width=&#8221;1\/4&#8243;][\/vc_column][vc_column width=&#8221;1\/4&#8243; css=&#8221;.vc_custom_1639663609621{background-color: #054783 !important;}&#8221;][vc_empty_space][vc_column_text animation=&#8221;fade-in&#8221; css=&#8221;.vc_custom_1645711024539{margin-bottom: 0px !important;padding-right: 5px !important;padding-left: 8px !important;}&#8221;]\n<p style=\"color: white; line-height: 25px;\">As necessidades dos nossos Clientes e as caracter\u00edsticas de cada mercado determinam os instrumentos a usar em cada caso espec\u00edfico. E aproveitamos um novo desafio ou novo mercado para criar produtos e servi\u00e7os inovadores. Quer pela forma de combinar metodologias, quer pelo uso da investiga\u00e7\u00e3o universit\u00e1ria. Consulte a nossa \u00e1rea de inova\u00e7\u00e3o para mais informa\u00e7\u00f5es.<\/p>\n[\/vc_column_text][vc_empty_space][vc_column_text animation=&#8221;fade-in&#8221; css=&#8221;.vc_custom_1653662084158{margin-bottom: 0px !important;padding-right: 5px !important;padding-left: 8px !important;}&#8221;]\n<p style=\"color: white; line-height: 25px;\">Para cada problema para que somos desafiados, encontramos as melhores fontes de informa\u00e7\u00e3o e o melhor paradigma para descoberta de conhecimento. A fus\u00e3o dos m\u00e9todos de pesquisa cient\u00edficos com as mais avan\u00e7adas abordagens da ci\u00eancia de dados permitem-nos ir para al\u00e9m dos n\u00fameros.<\/p>\n[\/vc_column_text][\/vc_column][vc_column width=&#8221;1\/4&#8243;][\/vc_column][vc_column width=&#8221;1\/4&#8243;][\/vc_column][\/vc_row]\n","protected":false},"excerpt":{"rendered":"<p>[vc_row][vc_column width=&#8221;3\/4&#8243;][mk_fancy_title tag_name=&#8221;h1&#8243; color=&#8221;#d40812&#8243; size=&#8221;100&#8243; force_font_size=&#8221;true&#8221; size_smallscreen=&#8221;59&#8243; size_tablet=&#8221;37&#8243; size_phone=&#8221;45&#8243; line_height=&#8221;90&#8243; font_weight=&#8221;900&#8243; txt_transform=&#8221;uppercase&#8221; font_family=&#8221;Titillium+Web&#8221; font_type=&#8221;google&#8221; responsive_align=&#8221;left&#8221; animation=&#8221;scale-up&#8221;]NA Pitag\u00f3rica ACREDITAMOS numa pesquisa inovadora[\/mk_fancy_title][\/vc_column][vc_column width=&#8221;1\/4&#8243;][vc_column_text animation=&#8221;scale-up&#8221; css=&#8221;.vc_custom_1661425586671{margin-bottom: 0px !important;}&#8221;] Somos dignos dos nossos dons quando os transformamos em Arte. [\/vc_column_text][\/vc_column][\/vc_row][vc_row fullwidth=&#8221;true&#8221; css=&#8221;.vc_custom_1639663190107{margin-bottom: -50px !important;background: #0a0a0a url(http:\/\/pitagorica.pt\/wp-content\/uploads\/2021\/12\/bg-sec-servico.png?id=526) !important;}&#8221;][vc_column width=&#8221;1\/4&#8243;][\/vc_column][vc_column width=&#8221;1\/4&#8243; css=&#8221;.vc_custom_1639663599733{background-color: #054783 !important;}&#8221;][vc_empty_space][mk_fancy_title color=&#8221;#ffffff&#8221; size=&#8221;42&#8243; font_weight=&#8221;900&#8243; txt_transform=&#8221;uppercase&#8221; font_family=&#8221;Titillium+Web&#8221; font_type=&#8221;google&#8221; [&hellip;]<\/p>\n","protected":false},"author":1,"featured_media":0,"parent":0,"menu_order":0,"comment_status":"closed","ping_status":"closed","template":"","meta":{"om_disable_all_campaigns":false,"footnotes":""},"class_list":["post-146","page","type-page","status-publish","hentry"],"aioseo_notices":[],"_links":{"self":[{"href":"https:\/\/pitagorica.pt\/index.php\/wp-json\/wp\/v2\/pages\/146","targetHints":{"allow":["GET"]}}],"collection":[{"href":"https:\/\/pitagorica.pt\/index.php\/wp-json\/wp\/v2\/pages"}],"about":[{"href":"https:\/\/pitagorica.pt\/index.php\/wp-json\/wp\/v2\/types\/page"}],"author":[{"embeddable":true,"href":"https:\/\/pitagorica.pt\/index.php\/wp-json\/wp\/v2\/users\/1"}],"replies":[{"embeddable":true,"href":"https:\/\/pitagorica.pt\/index.php\/wp-json\/wp\/v2\/comments?post=146"}],"version-history":[{"count":45,"href":"https:\/\/pitagorica.pt\/index.php\/wp-json\/wp\/v2\/pages\/146\/revisions"}],"predecessor-version":[{"id":1172,"href":"https:\/\/pitagorica.pt\/index.php\/wp-json\/wp\/v2\/pages\/146\/revisions\/1172"}],"wp:attachment":[{"href":"https:\/\/pitagorica.pt\/index.php\/wp-json\/wp\/v2\/media?parent=146"}],"curies":[{"name":"wp","href":"https:\/\/api.w.org\/{rel}","templated":true}]}}