{"id":142,"date":"2021-11-30T21:12:01","date_gmt":"2021-12-01T00:12:01","guid":{"rendered":"http:\/\/pitagorica.pt\/?page_id=142"},"modified":"2022-08-26T09:50:21","modified_gmt":"2022-08-26T08:50:21","slug":"inovacao","status":"publish","type":"page","link":"https:\/\/pitagorica.pt\/index.php\/inovacao\/","title":{"rendered":"Inova\u00e7\u00e3o"},"content":{"rendered":"[vc_row css=&#8221;.vc_custom_1640084299318{margin-top: 20px !important;margin-bottom: 20px !important;}&#8221;][vc_column width=&#8221;3\/4&#8243;][mk_fancy_title tag_name=&#8221;h1&#8243; color=&#8221;#d40812&#8243; size=&#8221;90&#8243; force_font_size=&#8221;true&#8221; size_smallscreen=&#8221;43&#8243; size_tablet=&#8221;65&#8243; size_phone=&#8221;50&#8243; line_height=&#8221;80&#8243; font_weight=&#8221;900&#8243; font_style=&#8221;normal&#8221; txt_transform=&#8221;uppercase&#8221; font_family=&#8221;Titillium+Web&#8221; font_type=&#8221;google&#8221; responsive_align=&#8221;left&#8221; animation=&#8221;scale-up&#8221;]<span class=\"titillium-title-1\" style=\"size: 7;\">A<\/span> <span style=\"font-weight: 300; color: black;\"> Pitag\u00f3rica <\/span><\/p>\n<p>orgulha-se<\/p>\n<p>de estar sempre<\/p>\n<p>na vanguarda<\/p>\n<p>do seu mercado[\/mk_fancy_title][\/vc_column][vc_column width=&#8221;1\/4&#8243;][vc_column_text animation=&#8221;fade-in&#8221; css=&#8221;.vc_custom_1661503816615{margin-bottom: 0px !important;}&#8221;]\n<p>&nbsp;<\/p>\n<p style=\"font-size: 25px; color: black; line-height: 25px;\">Se s\u00f3 a<br \/>\nmudan\u00e7a \u00e9 eterna,<br \/>\nquem inovar viver\u00e1<br \/>\npara sempre!<\/p>\n[\/vc_column_text][\/vc_column][\/vc_row][vc_row fullwidth=&#8221;true&#8221; fullwidth_content=&#8221;false&#8221; css=&#8221;.vc_custom_1640087415257{margin-bottom: 50px !important;background: #0a0000 url(http:\/\/pitagorica.pt\/wp-content\/uploads\/2021\/12\/bg-sec-inov-1.png?id=576) !important;}&#8221;][vc_column width=&#8221;2\/12&#8243;][\/vc_column][vc_column width=&#8221;3\/12&#8243; css=&#8221;.vc_custom_1640084847528{background-color: #054783 !important;}&#8221;][vc_column_text animation=&#8221;fade-in&#8221; css=&#8221;.vc_custom_1653664559319{margin-bottom: 0px !important;padding-top: 20px !important;padding-right: 30px !important;padding-left: 0px !important;}&#8221;]\n<p style=\"color: white; line-height: 17px;\">A longevidade e a for\u00e7a da Pitag\u00f3rica est\u00e1 nesta filosofia, que nos faz trabalhar com os melhores.<\/p>\n<p style=\"color: white; line-height: 17px;\">Das mais relevantes escolas nacionais de psicologia, aos mais arrojados investigadores internacionais.<br \/>\nNa Pitag\u00f3rica usamos o progresso tecnol\u00f3gico e a ci\u00eancia para dar respostas aos nossos clientes.<\/p>\n<p style=\"color: white; line-height: 17px;\">Da Etnografia ao Neuromarketing, dos Focus Group Online a Shop Along, usamos tecnologias como eye-tracking, reconhecimento facial, realidade aumentada\/virtual entre outras, para encontrar as melhores solu\u00e7\u00f5es.<\/p>\n<p style=\"color: white; line-height: 17px;\">N\u00e3o geramos s\u00f3 n\u00fameros. N\u00e3o lemos apenas a realidade. Fazemos, tamb\u00e9m, ci\u00eancia. Ci\u00eancia em movimento.<\/p>\n[\/vc_column_text][vc_empty_space height=&#8221;60&#8243;][\/vc_column][vc_column width=&#8221;3\/12&#8243;][\/vc_column][vc_column width=&#8221;2\/12&#8243;][\/vc_column][vc_column width=&#8221;2\/12&#8243;][\/vc_column][\/vc_row]\n","protected":false},"excerpt":{"rendered":"<p>[vc_row css=&#8221;.vc_custom_1640084299318{margin-top: 20px !important;margin-bottom: 20px !important;}&#8221;][vc_column width=&#8221;3\/4&#8243;][mk_fancy_title tag_name=&#8221;h1&#8243; color=&#8221;#d40812&#8243; size=&#8221;90&#8243; force_font_size=&#8221;true&#8221; size_smallscreen=&#8221;43&#8243; size_tablet=&#8221;65&#8243; size_phone=&#8221;50&#8243; line_height=&#8221;80&#8243; font_weight=&#8221;900&#8243; font_style=&#8221;normal&#8221; txt_transform=&#8221;uppercase&#8221; font_family=&#8221;Titillium+Web&#8221; font_type=&#8221;google&#8221; responsive_align=&#8221;left&#8221; animation=&#8221;scale-up&#8221;]A Pitag\u00f3rica orgulha-se de estar sempre na vanguarda do seu mercado[\/mk_fancy_title][\/vc_column][vc_column width=&#8221;1\/4&#8243;][vc_column_text animation=&#8221;fade-in&#8221; css=&#8221;.vc_custom_1661503816615{margin-bottom: 0px !important;}&#8221;] &nbsp; Se s\u00f3 a mudan\u00e7a \u00e9 eterna, quem inovar viver\u00e1 para sempre! [\/vc_column_text][\/vc_column][\/vc_row][vc_row fullwidth=&#8221;true&#8221; fullwidth_content=&#8221;false&#8221; css=&#8221;.vc_custom_1640087415257{margin-bottom: 50px !important;background: [&hellip;]<\/p>\n","protected":false},"author":1,"featured_media":0,"parent":0,"menu_order":0,"comment_status":"closed","ping_status":"closed","template":"","meta":{"om_disable_all_campaigns":false,"footnotes":""},"class_list":["post-142","page","type-page","status-publish","hentry"],"aioseo_notices":[],"_links":{"self":[{"href":"https:\/\/pitagorica.pt\/index.php\/wp-json\/wp\/v2\/pages\/142","targetHints":{"allow":["GET"]}}],"collection":[{"href":"https:\/\/pitagorica.pt\/index.php\/wp-json\/wp\/v2\/pages"}],"about":[{"href":"https:\/\/pitagorica.pt\/index.php\/wp-json\/wp\/v2\/types\/page"}],"author":[{"embeddable":true,"href":"https:\/\/pitagorica.pt\/index.php\/wp-json\/wp\/v2\/users\/1"}],"replies":[{"embeddable":true,"href":"https:\/\/pitagorica.pt\/index.php\/wp-json\/wp\/v2\/comments?post=142"}],"version-history":[{"count":39,"href":"https:\/\/pitagorica.pt\/index.php\/wp-json\/wp\/v2\/pages\/142\/revisions"}],"predecessor-version":[{"id":1286,"href":"https:\/\/pitagorica.pt\/index.php\/wp-json\/wp\/v2\/pages\/142\/revisions\/1286"}],"wp:attachment":[{"href":"https:\/\/pitagorica.pt\/index.php\/wp-json\/wp\/v2\/media?parent=142"}],"curies":[{"name":"wp","href":"https:\/\/api.w.org\/{rel}","templated":true}]}}