{"id":136,"date":"2021-11-30T21:10:52","date_gmt":"2021-12-01T00:10:52","guid":{"rendered":"http:\/\/pitagorica.pt\/?page_id=136"},"modified":"2022-08-26T09:54:37","modified_gmt":"2022-08-26T08:54:37","slug":"marca","status":"publish","type":"page","link":"https:\/\/pitagorica.pt\/index.php\/marca\/","title":{"rendered":"Marca"},"content":{"rendered":"[vc_row fullwidth=&#8221;true&#8221; fullwidth_content=&#8221;false&#8221; css=&#8221;.vc_custom_1640084364597{margin-top: 20px !important;margin-bottom: 20px !important;}&#8221;][vc_column width=&#8221;3\/4&#8243;][mk_fancy_title color=&#8221;#d40812&#8243; size=&#8221;100&#8243; force_font_size=&#8221;true&#8221; size_smallscreen=&#8221;60&#8243; size_tablet=&#8221;60&#8243; size_phone=&#8221;50&#8243; line_height=&#8221;90&#8243; font_weight=&#8221;900&#8243; font_style=&#8221;normal&#8221; txt_transform=&#8221;uppercase&#8221; font_family=&#8221;Titillium+Web&#8221; font_type=&#8221;google&#8221; responsive_align=&#8221;left&#8221; animation=&#8221;scale-up&#8221;]<span class=\"titillium-title-1\" style=\"size: 7;\">NA<\/span><\/p>\n<p><span style=\"font-weight: 300; color: black;\">Pitag\u00f3rica <\/span><\/p>\n<p>VAMOS<\/p>\n<p>PARA<\/p>\n<p>AL\u00c9M DOS N\u00daMEROS[\/mk_fancy_title][\/vc_column][vc_column width=&#8221;1\/4&#8243;][vc_column_text animation=&#8221;scale-up&#8221; css=&#8221;.vc_custom_1661425507374{margin-bottom: 0px !important;}&#8221;]\u2026 e a ideia<br \/>\ntransformou-se<br \/>\nnuma marca s\u00f3lida.<br \/>\nUma marca que significa<br \/>\nCompet\u00eancia<br \/>\ne Inova\u00e7\u00e3o.<\/p>\n<p>No in\u00edcio est\u00e1 sempre<br \/>\na vis\u00e3o. A vis\u00e3o de<br \/>\npassar da ideia para a<br \/>\nmat\u00e9ria. De converter<br \/>\ntalento em resultados.<br \/>\nTransformar uma<br \/>\nempresa numa marca.[\/vc_column_text][vc_empty_space height=&#8221;80&#8243;][\/vc_column][\/vc_row][vc_row fullwidth=&#8221;true&#8221; css=&#8221;.vc_custom_1639662584776{background: #000000 url(http:\/\/pitagorica.pt\/wp-content\/uploads\/2021\/12\/bg-sec-marca.png?id=521) !important;}&#8221;][vc_column width=&#8221;1\/6&#8243;][vc_empty_space][\/vc_column][vc_column width=&#8221;2\/6&#8243; css=&#8221;.vc_custom_1639051672367{background-color: #000000 !important;}&#8221;][vc_empty_space][vc_empty_space][vc_column_text animation=&#8221;scale-up&#8221; css=&#8221;.vc_custom_1661425448247{margin-bottom: 0px !important;}&#8221;]\n<p class=\"text-marca\" style=\"color: #ffffff!important;\">Temos mais de 20 anos de atividade e operamos em Angola, Brasil, Cabo Verde, Espanha, Guin\u00e9 Bissau, Timor, S\u00e3o Tom\u00e9 e Pr\u00edncipe e Mo\u00e7ambique.<br \/>\nSomos membro fundador da Apodemo e estamos acreditados pela ERC em Portugal. A Pitag\u00f3rica foi ainda a primeira empresa credenciada pela ARC \u2013 Autoridade Reguladora da Comunica\u00e7\u00e3o em Cabo Verde.<br \/>\nDesde 2021 somos tamb\u00e9m membro fundador da Rede de Pesquisa Europeia EUROSKOPIA.<\/p>\n[\/vc_column_text][mk_fancy_title tag_name=&#8221;h1&#8243; color=&#8221;#ffffff&#8221; size=&#8221;50&#8243; line_height=&#8221;90&#8243; font_weight=&#8221;900&#8243; font_style=&#8221;normal&#8221; font_family=&#8221;Titillium+Web&#8221; font_type=&#8221;google&#8221; responsive_align=&#8221;left&#8221; animation=&#8221;scale-up&#8221;]SOMOS<\/p>\n<p>UMA EMPRESA PESQUISA DE MERCADO<\/p>\n<p>E INVESTIGA\u00c7\u00c3O AVAN\u00c7ADA.[\/mk_fancy_title][vc_empty_space][\/vc_column][vc_column width=&#8221;1\/6&#8243;][vc_empty_space][\/vc_column][vc_column width=&#8221;1\/6&#8243;][vc_empty_space][\/vc_column][vc_column width=&#8221;1\/6&#8243;][vc_empty_space][\/vc_column][\/vc_row][vc_section css=&#8221;.vc_custom_1639662630369{margin-top: 50px !important;margin-bottom: -20px !important;}&#8221;][vc_row][vc_column width=&#8221;2\/3&#8243;][vc_column_text animation=&#8221;scale-up&#8221; css=&#8221;.vc_custom_1661504072920{margin-bottom: 0px !important;}&#8221;]Conseguimos tudo isto porque soubemos desde o in\u00edcio o que quer\u00edamos fazer: diagnosticar o mundo em n\u00fameros!<br \/>\nE h\u00e1 n\u00fameros em todo o lado. Nas pessoas que apanham aquele autocarro \u00e0s seis da manh\u00e3, nos estudantes que t\u00eam preocupa\u00e7\u00f5es ambientais, ou nos turistas que visitam diariamente um local espec\u00edfico.<br \/>\nNa Pitag\u00f3rica acreditamos que esses n\u00fameros sabem ser conclusivos. Se formos para al\u00e9m do c\u00e1lculo pelo c\u00e1lculo, os n\u00fameros revelar\u00e3o palavras, frases e sentimentos.<br \/>\nSe os soubermos ler, os n\u00fameros resolvem problemas. Encontram solu\u00e7\u00f5es.[\/vc_column_text][\/vc_column][vc_column width=&#8221;1\/3&#8243;][mk_fancy_title tag_name=&#8221;h1&#8243; color=&#8221;#054783&#8243; size=&#8221;50&#8243; line_height=&#8221;90&#8243; font_weight=&#8221;900&#8243; font_style=&#8221;normal&#8221; font_family=&#8221;Titillium+Web&#8221; font_type=&#8221;google&#8221; responsive_align=&#8221;left&#8221; animation=&#8221;scale-up&#8221;]Os n\u00fameros<br \/>\nn\u00e3o t\u00eam vida.<br \/>\nEles s\u00e3o\u00a0vida.<\/p>\n<p>A Vida para al\u00e9m dos N\u00fameros![\/mk_fancy_title][\/vc_column][\/vc_row][\/vc_section]\n","protected":false},"excerpt":{"rendered":"<p>[vc_row fullwidth=&#8221;true&#8221; fullwidth_content=&#8221;false&#8221; css=&#8221;.vc_custom_1640084364597{margin-top: 20px !important;margin-bottom: 20px !important;}&#8221;][vc_column width=&#8221;3\/4&#8243;][mk_fancy_title color=&#8221;#d40812&#8243; size=&#8221;100&#8243; force_font_size=&#8221;true&#8221; size_smallscreen=&#8221;60&#8243; size_tablet=&#8221;60&#8243; size_phone=&#8221;50&#8243; line_height=&#8221;90&#8243; font_weight=&#8221;900&#8243; font_style=&#8221;normal&#8221; txt_transform=&#8221;uppercase&#8221; font_family=&#8221;Titillium+Web&#8221; font_type=&#8221;google&#8221; responsive_align=&#8221;left&#8221; animation=&#8221;scale-up&#8221;]NA Pitag\u00f3rica VAMOS PARA AL\u00c9M DOS N\u00daMEROS[\/mk_fancy_title][\/vc_column][vc_column width=&#8221;1\/4&#8243;][vc_column_text animation=&#8221;scale-up&#8221; css=&#8221;.vc_custom_1661425507374{margin-bottom: 0px !important;}&#8221;]\u2026 e a ideia transformou-se numa marca s\u00f3lida. Uma marca que significa Compet\u00eancia e Inova\u00e7\u00e3o. No in\u00edcio est\u00e1 sempre a vis\u00e3o. A [&hellip;]<\/p>\n","protected":false},"author":1,"featured_media":0,"parent":0,"menu_order":0,"comment_status":"closed","ping_status":"closed","template":"","meta":{"om_disable_all_campaigns":false,"footnotes":""},"class_list":["post-136","page","type-page","status-publish","hentry"],"aioseo_notices":[],"_links":{"self":[{"href":"https:\/\/pitagorica.pt\/index.php\/wp-json\/wp\/v2\/pages\/136","targetHints":{"allow":["GET"]}}],"collection":[{"href":"https:\/\/pitagorica.pt\/index.php\/wp-json\/wp\/v2\/pages"}],"about":[{"href":"https:\/\/pitagorica.pt\/index.php\/wp-json\/wp\/v2\/types\/page"}],"author":[{"embeddable":true,"href":"https:\/\/pitagorica.pt\/index.php\/wp-json\/wp\/v2\/users\/1"}],"replies":[{"embeddable":true,"href":"https:\/\/pitagorica.pt\/index.php\/wp-json\/wp\/v2\/comments?post=136"}],"version-history":[{"count":119,"href":"https:\/\/pitagorica.pt\/index.php\/wp-json\/wp\/v2\/pages\/136\/revisions"}],"predecessor-version":[{"id":1287,"href":"https:\/\/pitagorica.pt\/index.php\/wp-json\/wp\/v2\/pages\/136\/revisions\/1287"}],"wp:attachment":[{"href":"https:\/\/pitagorica.pt\/index.php\/wp-json\/wp\/v2\/media?parent=136"}],"curies":[{"name":"wp","href":"https:\/\/api.w.org\/{rel}","templated":true}]}}